{"id":33,"date":"2026-01-23T10:43:59","date_gmt":"2026-01-23T09:43:59","guid":{"rendered":"https:\/\/www.sandellcontent.com\/startsida\/"},"modified":"2026-02-06T11:53:33","modified_gmt":"2026-02-06T10:53:33","slug":"startsida","status":"publish","type":"page","link":"https:\/\/www.sandellcontent.com\/en\/","title":{"rendered":"Hem"},"content":{"rendered":"<div class=\"wp-block-group alignwide is-style-ext-preset--group--natural-1--section has-background-background-color has-background has-global-padding is-layout-constrained wp-block-group-is-layout-constrained\" style=\"margin-top:0;margin-bottom:0;padding-top:var(--wp--preset--spacing--50);padding-bottom:var(--wp--preset--spacing--70)\">\n<div class=\"wp-block-group alignwide has-global-padding is-layout-constrained wp-block-group-is-layout-constrained\">\n<div class=\"wp-block-group alignwide has-global-padding is-layout-constrained wp-block-group-is-layout-constrained\">\n<div class=\"wp-block-columns alignfull are-vertically-aligned-center is-layout-flex wp-container-core-columns-is-layout-174606dc wp-block-columns-is-layout-flex\">\n<div class=\"wp-block-column is-vertically-aligned-center is-layout-flow wp-block-column-is-layout-flow\">\n<div class=\"wp-block-group alignwide is-vertical is-layout-flex wp-container-core-group-is-layout-c35747d5 wp-block-group-is-layout-flex\">\n<div class=\"wp-block-group has-global-padding is-content-justification-left is-layout-constrained wp-container-core-group-is-layout-44b7bc52 wp-block-group-is-layout-constrained\">\n<h4 class=\"wp-block-heading alignwide\">CV<\/h4>\n\n\n\n<h2 class=\"wp-block-heading alignwide\">Passion f\u00f6r  aff\u00e4rsdrivande content<\/h2>\n\n\n\n<p>Jag har hj\u00e4lpt m\u00e5nga f\u00f6retag att skapa strategier och kvalitetsinneh\u00e5ll som bygger kundrelationer, st\u00e4rker varum\u00e4rken och driver kvalificerade leads. <br>Med 25+ \u00e5rs erfarenhet av internationell B2B-marknadsf\u00f6ring kombinerar jag strategiskt t\u00e4nk, kreativt hantverk och AI-f\u00f6rst\u00e4rkt contentproduktion.<\/p>\n\n\n\n<p>Ladda ned min CV p\u00e5 <a href=\"https:\/\/www.sandellcontent.com\/wp-content\/uploads\/2026\/01\/CV-Erik-Sandell-2025-v1.3-SE-2.pdf\" target=\"_blank\" rel=\"noopener\" title=\"CV\">svenska<\/a> eller <a href=\"https:\/\/www.sandellcontent.com\/wp-content\/uploads\/2026\/01\/CV-Erik-Sandell-2025-v1.3-EN.pdf\" target=\"_blank\" rel=\"noopener\" title=\"\">engelska<\/a>.<\/p>\n\n\n\n<p><\/p>\n<\/div>\n<\/div>\n<\/div>\n<\/div>\n<\/div>\n<\/div>\n<\/div>\n\n\n\n<div class=\"wp-block-group alignfull is-style-ext-preset--group--natural-1--section has-tertiary-background-color has-background has-global-padding is-layout-constrained wp-container-core-group-is-layout-7276a2bb wp-block-group-is-layout-constrained\" style=\"margin-top:0;margin-bottom:0;padding-top:var(--wp--preset--spacing--60);padding-right:var(--wp--preset--spacing--30);padding-bottom:var(--wp--preset--spacing--60);padding-left:var(--wp--preset--spacing--30)\">\n<div class=\"wp-block-group alignwide has-global-padding is-layout-constrained wp-block-group-is-layout-constrained\">\n<div class=\"wp-block-group alignfull has-global-padding is-content-justification-left is-layout-constrained wp-container-core-group-is-layout-12dd3699 wp-block-group-is-layout-constrained\">\n<h4 class=\"wp-block-heading alignwide\">Portfolio<\/h4>\n\n\n\n<h2 class=\"wp-block-heading\">Exempel p\u00e5 inneh\u00e5ll jag skrivit <\/h2>\n\n\n\n<p>Min contentproduktion sp\u00e4nner \u00f6ver tv\u00e5 decennier och m\u00e5nga intressanta \u00e4mnen. Jag har l\u00e4rt mig massor om AI, cybers\u00e4kerhet, digital transformation och EU-regleringar &#8211; f\u00f6r att inte tala om aff\u00e4rssystem, molntj\u00e4nster och betall\u00f6sningar. Den r\u00f6da tr\u00e5den \u00e4r B2B tech, men jag har ocks\u00e5 skrivit om medarbetare, psykologi, hj\u00e4rnvetenskap och ledarskap. <\/p>\n\n\n\n<p>Jag har gjort inneh\u00e5ll f\u00f6r de flesta format och kanaler: fr\u00e5n artiklar, sociala medier, guider, rapporter och v\u00e4rdepropositioner &#8211; till kampanjsajter, videos och talmanus f\u00f6r event. B\u00e5de p\u00e5 svenska och engelska. <br><br>H\u00e4r \u00e4r ett urval fr\u00e5n senare \u00e5r. <\/p>\n<\/div>\n<\/div>\n\n\n\n<div class=\"wp-block-columns alignwide is-layout-flex wp-container-core-columns-is-layout-28f84493 wp-block-columns-is-layout-flex\">\n<div class=\"wp-block-column is-vertically-aligned-top is-layout-flow wp-block-column-is-layout-flow\" style=\"flex-basis:100%\">\n<figure class=\"wp-block-gallery aligncenter has-nested-images columns-default is-cropped wp-block-gallery-3 is-layout-flex wp-block-gallery-is-layout-flex\">\n<figure class=\"wp-block-image size-full\"><a href=\"https:\/\/itm8.se\/artiklar\/sakerhet-utan-ciso\"><img loading=\"lazy\" decoding=\"async\" width=\"723\" height=\"739\" data-id=\"137\" src=\"https:\/\/www.sandellcontent.com\/wp-content\/uploads\/2026\/01\/Bild-Sakerhet-utan-CISO.png\" alt=\"\" class=\"wp-image-137\" srcset=\"https:\/\/www.sandellcontent.com\/wp-content\/uploads\/2026\/01\/Bild-Sakerhet-utan-CISO.png 723w, https:\/\/www.sandellcontent.com\/wp-content\/uploads\/2026\/01\/Bild-Sakerhet-utan-CISO-294x300.png 294w, https:\/\/www.sandellcontent.com\/wp-content\/uploads\/2026\/01\/Bild-Sakerhet-utan-CISO-12x12.png 12w\" sizes=\"auto, (max-width: 723px) 100vw, 723px\" \/><\/a><\/figure>\n\n\n\n<figure class=\"wp-block-image size-large\"><a href=\"https:\/\/itm8.se\/artiklar\/operativ-resiliens-hur-klarar-din-verksamhet-cyberattack\"><img loading=\"lazy\" decoding=\"async\" width=\"642\" height=\"666\" data-id=\"144\" src=\"https:\/\/www.sandellcontent.com\/wp-content\/uploads\/2026\/01\/Bild-op-resiliens.png\" alt=\"\" class=\"wp-image-144\" srcset=\"https:\/\/www.sandellcontent.com\/wp-content\/uploads\/2026\/01\/Bild-op-resiliens.png 642w, https:\/\/www.sandellcontent.com\/wp-content\/uploads\/2026\/01\/Bild-op-resiliens-289x300.png 289w, https:\/\/www.sandellcontent.com\/wp-content\/uploads\/2026\/01\/Bild-op-resiliens-12x12.png 12w\" sizes=\"auto, (max-width: 642px) 100vw, 642px\" \/><\/a><\/figure>\n\n\n\n<figure class=\"wp-block-image size-large\"><a href=\"https:\/\/itm8.se\/artiklar\/misstag-nar-foretag-implementerar-ai\"><img loading=\"lazy\" decoding=\"async\" width=\"643\" height=\"655\" data-id=\"145\" src=\"https:\/\/www.sandellcontent.com\/wp-content\/uploads\/2026\/01\/BIld-5-misstag-med-AI.png\" alt=\"\" class=\"wp-image-145\" srcset=\"https:\/\/www.sandellcontent.com\/wp-content\/uploads\/2026\/01\/BIld-5-misstag-med-AI.png 643w, https:\/\/www.sandellcontent.com\/wp-content\/uploads\/2026\/01\/BIld-5-misstag-med-AI-295x300.png 295w, https:\/\/www.sandellcontent.com\/wp-content\/uploads\/2026\/01\/BIld-5-misstag-med-AI-12x12.png 12w\" sizes=\"auto, (max-width: 643px) 100vw, 643px\" \/><\/a><\/figure>\n<\/figure>\n<\/div>\n<\/div>\n\n\n\n<figure class=\"wp-block-gallery alignwide has-nested-images columns-default is-cropped wp-block-gallery-4 is-layout-flex wp-block-gallery-is-layout-flex\">\n<figure class=\"wp-block-image size-large\"><a href=\"https:\/\/itm8.se\/artiklar\/5-framgaangsfaktorer-digital-transformation\"><img loading=\"lazy\" decoding=\"async\" width=\"732\" height=\"735\" data-id=\"139\" src=\"https:\/\/www.sandellcontent.com\/wp-content\/uploads\/2026\/01\/Bild-Heta-listan.png\" alt=\"\" class=\"wp-image-139\" srcset=\"https:\/\/www.sandellcontent.com\/wp-content\/uploads\/2026\/01\/Bild-Heta-listan.png 732w, https:\/\/www.sandellcontent.com\/wp-content\/uploads\/2026\/01\/Bild-Heta-listan-300x300.png 300w, https:\/\/www.sandellcontent.com\/wp-content\/uploads\/2026\/01\/Bild-Heta-listan-150x150.png 150w, https:\/\/www.sandellcontent.com\/wp-content\/uploads\/2026\/01\/Bild-Heta-listan-12x12.png 12w\" sizes=\"auto, (max-width: 732px) 100vw, 732px\" \/><\/a><\/figure>\n\n\n\n<figure class=\"wp-block-image size-large\"><a href=\"https:\/\/www.sandellcontent.com\/wp-content\/uploads\/2026\/01\/itm8-guide-Mer-med-mindre-Lonsam-digitalisering_23092025-1.pdf\"><img loading=\"lazy\" decoding=\"async\" width=\"784\" height=\"774\" data-id=\"148\" src=\"https:\/\/www.sandellcontent.com\/wp-content\/uploads\/2026\/01\/Bild-mer-med-mindre.png\" alt=\"\" class=\"wp-image-148\" srcset=\"https:\/\/www.sandellcontent.com\/wp-content\/uploads\/2026\/01\/Bild-mer-med-mindre.png 784w, https:\/\/www.sandellcontent.com\/wp-content\/uploads\/2026\/01\/Bild-mer-med-mindre-300x296.png 300w, https:\/\/www.sandellcontent.com\/wp-content\/uploads\/2026\/01\/Bild-mer-med-mindre-768x758.png 768w, https:\/\/www.sandellcontent.com\/wp-content\/uploads\/2026\/01\/Bild-mer-med-mindre-12x12.png 12w\" sizes=\"auto, (max-width: 784px) 100vw, 784px\" \/><\/a><\/figure>\n\n\n\n<figure class=\"wp-block-image size-large\"><a href=\"https:\/\/itm8.se\/artiklar\/ar-din-digitala-arbetsplats-hopplost-omodern\"><img loading=\"lazy\" decoding=\"async\" width=\"640\" height=\"658\" data-id=\"146\" src=\"https:\/\/www.sandellcontent.com\/wp-content\/uploads\/2026\/01\/Bild-Duplantis.png\" alt=\"\" class=\"wp-image-146\" srcset=\"https:\/\/www.sandellcontent.com\/wp-content\/uploads\/2026\/01\/Bild-Duplantis.png 640w, https:\/\/www.sandellcontent.com\/wp-content\/uploads\/2026\/01\/Bild-Duplantis-292x300.png 292w, https:\/\/www.sandellcontent.com\/wp-content\/uploads\/2026\/01\/Bild-Duplantis-12x12.png 12w\" sizes=\"auto, (max-width: 640px) 100vw, 640px\" \/><\/a><\/figure>\n<\/figure>\n\n\n\n<figure class=\"wp-block-gallery alignwide has-nested-images columns-default is-cropped wp-block-gallery-5 is-layout-flex wp-block-gallery-is-layout-flex\">\n<figure class=\"wp-block-image size-large\"><a href=\"http:\/\/O6yS33d13DCqZj_tX4O-8-vNqPfNvcCfoo1i29UCLKRpsSXTerSuPMzWsGqRCrZ3e9cz6QNYdQInepX-mz95d320uy95YCL-EkCD6nRv_3QM\" target=\"_blank\" rel=\" noreferrer noopener\"><img loading=\"lazy\" decoding=\"async\" width=\"631\" height=\"889\" data-id=\"147\" src=\"https:\/\/www.sandellcontent.com\/wp-content\/uploads\/2026\/01\/Bild-cybersak-rapp-26.png\" alt=\"\" class=\"wp-image-147\" srcset=\"https:\/\/www.sandellcontent.com\/wp-content\/uploads\/2026\/01\/Bild-cybersak-rapp-26.png 631w, https:\/\/www.sandellcontent.com\/wp-content\/uploads\/2026\/01\/Bild-cybersak-rapp-26-213x300.png 213w, https:\/\/www.sandellcontent.com\/wp-content\/uploads\/2026\/01\/Bild-cybersak-rapp-26-9x12.png 9w\" sizes=\"auto, (max-width: 631px) 100vw, 631px\" \/><\/a><\/figure>\n\n\n\n<figure class=\"wp-block-image size-large\"><a href=\"http:\/\/chrome-extension:\/\/efaidnbmnnnibpcajpcglclefindmkaj\/https:\/\/f.hubspotusercontent20.net\/hubfs\/6008571\/campaigns\/beslutsstod\/Implema-Ebok-Anvanda-data-for-battre-beslut-03.pdf?utm_campaign=Analytics&amp;utm_medium=email&amp;_hsmi=90040447&amp;_hsenc=p2ANqtz-_7NX4KlENA2k-mTziCl_l9uhQPw7c5WOj7-sFrpUzGo-ZBpzCKweN_gou9Q1rNsdjCfFwbR8nTsP83j_bY6JgNl5Bn3g&amp;utm_content=90040447&amp;utm_source=hs_automation\"><img loading=\"lazy\" decoding=\"async\" width=\"720\" height=\"1024\" data-id=\"163\" src=\"https:\/\/www.sandellcontent.com\/wp-content\/uploads\/2026\/01\/Bild-Implema-guide-720x1024.png\" alt=\"\" class=\"wp-image-163\" srcset=\"https:\/\/www.sandellcontent.com\/wp-content\/uploads\/2026\/01\/Bild-Implema-guide-720x1024.png 720w, https:\/\/www.sandellcontent.com\/wp-content\/uploads\/2026\/01\/Bild-Implema-guide-211x300.png 211w, https:\/\/www.sandellcontent.com\/wp-content\/uploads\/2026\/01\/Bild-Implema-guide-768x1092.png 768w, https:\/\/www.sandellcontent.com\/wp-content\/uploads\/2026\/01\/Bild-Implema-guide-8x12.png 8w, https:\/\/www.sandellcontent.com\/wp-content\/uploads\/2026\/01\/Bild-Implema-guide.png 1063w\" sizes=\"auto, (max-width: 720px) 100vw, 720px\" \/><\/a><\/figure>\n\n\n\n<figure class=\"wp-block-image size-large\"><a href=\"https:\/\/f.hubspotusercontent-eu1.net\/hubfs\/25531060\/Guide\/Case%20-%20Karlskrona%20Kommun_Apendo.pdf\"><img loading=\"lazy\" decoding=\"async\" width=\"723\" height=\"1024\" data-id=\"162\" src=\"https:\/\/www.sandellcontent.com\/wp-content\/uploads\/2026\/01\/Bild-Karlskrona-kommun-723x1024.png\" alt=\"\" class=\"wp-image-162\" srcset=\"https:\/\/www.sandellcontent.com\/wp-content\/uploads\/2026\/01\/Bild-Karlskrona-kommun-723x1024.png 723w, https:\/\/www.sandellcontent.com\/wp-content\/uploads\/2026\/01\/Bild-Karlskrona-kommun-212x300.png 212w, https:\/\/www.sandellcontent.com\/wp-content\/uploads\/2026\/01\/Bild-Karlskrona-kommun-768x1088.png 768w, https:\/\/www.sandellcontent.com\/wp-content\/uploads\/2026\/01\/Bild-Karlskrona-kommun-8x12.png 8w, https:\/\/www.sandellcontent.com\/wp-content\/uploads\/2026\/01\/Bild-Karlskrona-kommun.png 1069w\" sizes=\"auto, (max-width: 723px) 100vw, 723px\" \/><\/a><\/figure>\n<\/figure>\n\n\n\n<figure class=\"wp-block-gallery alignwide has-nested-images columns-default is-cropped wp-block-gallery-6 is-layout-flex wp-block-gallery-is-layout-flex\">\n<figure class=\"wp-block-image size-large\"><a href=\"http:\/\/chrome-extension:\/\/efaidnbmnnnibpcajpcglclefindmkaj\/https:\/\/f.hubspotusercontent-eu1.net\/hubfs\/25531060\/Guide\/Vad%20a%CC%88r%20Schrems%20II%20-%20och%20varfo%CC%88r%20ska%20du%20bry%20dig_Apendo.pdf?utm_medium=email&amp;_hsmi=60739049&amp;_hsenc=p2ANqtz-_S-11W90V6w-4unGRmVPUbpxua80CXO3JNqNP0Oz-O8Sl_4DC3h6H9ivFfBYtidkyy_uVw20LkoB-dExwNIbH39H9BNQ&amp;utm_content=60739049&amp;utm_source=hs_automation\"><img loading=\"lazy\" decoding=\"async\" width=\"726\" height=\"1024\" data-id=\"165\" src=\"https:\/\/www.sandellcontent.com\/wp-content\/uploads\/2026\/01\/Bild-Apendo--726x1024.png\" alt=\"\" class=\"wp-image-165\" srcset=\"https:\/\/www.sandellcontent.com\/wp-content\/uploads\/2026\/01\/Bild-Apendo--726x1024.png 726w, https:\/\/www.sandellcontent.com\/wp-content\/uploads\/2026\/01\/Bild-Apendo--213x300.png 213w, https:\/\/www.sandellcontent.com\/wp-content\/uploads\/2026\/01\/Bild-Apendo--768x1084.png 768w, https:\/\/www.sandellcontent.com\/wp-content\/uploads\/2026\/01\/Bild-Apendo--9x12.png 9w, https:\/\/www.sandellcontent.com\/wp-content\/uploads\/2026\/01\/Bild-Apendo-.png 1072w\" sizes=\"auto, (max-width: 726px) 100vw, 726px\" \/><\/a><\/figure>\n\n\n\n<figure class=\"wp-block-image size-large is-resized\"><a href=\"https:\/\/upheads.se\/artiklar\/sa-haller-du-din-microsoft-365-miljo-saker-och-uppdaterad\/\"><img loading=\"lazy\" decoding=\"async\" width=\"544\" height=\"1006\" data-id=\"160\" src=\"https:\/\/www.sandellcontent.com\/wp-content\/uploads\/2026\/01\/BIld-Upheads.png\" alt=\"\" class=\"wp-image-160\" style=\"width:544px;height:auto\" srcset=\"https:\/\/www.sandellcontent.com\/wp-content\/uploads\/2026\/01\/BIld-Upheads.png 544w, https:\/\/www.sandellcontent.com\/wp-content\/uploads\/2026\/01\/BIld-Upheads-162x300.png 162w, https:\/\/www.sandellcontent.com\/wp-content\/uploads\/2026\/01\/BIld-Upheads-6x12.png 6w\" sizes=\"auto, (max-width: 544px) 100vw, 544px\" \/><\/a><\/figure>\n\n\n\n<figure class=\"wp-block-image size-large is-resized\"><a href=\"https:\/\/www.ismobile.com\/insights\/2022\/11\/22\/resundskraft-transforms-operations-with-ismobiles-case-management-system\"><img loading=\"lazy\" decoding=\"async\" width=\"520\" height=\"817\" data-id=\"164\" src=\"https:\/\/www.sandellcontent.com\/wp-content\/uploads\/2026\/01\/Bild-IsMobile.png\" alt=\"\" class=\"wp-image-164\" style=\"width:468px;height:auto\" srcset=\"https:\/\/www.sandellcontent.com\/wp-content\/uploads\/2026\/01\/Bild-IsMobile.png 520w, https:\/\/www.sandellcontent.com\/wp-content\/uploads\/2026\/01\/Bild-IsMobile-191x300.png 191w, https:\/\/www.sandellcontent.com\/wp-content\/uploads\/2026\/01\/Bild-IsMobile-8x12.png 8w\" sizes=\"auto, (max-width: 520px) 100vw, 520px\" \/><\/a><\/figure>\n<\/figure>\n\n\n\n<figure class=\"wp-block-image size-large\"><a href=\"https:\/\/www.linkedin.com\/posts\/atlas-copco_electricvehicles-sustainability-zeroscrap-activity-6988934285260935168-3tFN\/?utm_source=share&amp;utm_medium=member_ios\"><img loading=\"lazy\" decoding=\"async\" width=\"1024\" height=\"580\" src=\"https:\/\/www.sandellcontent.com\/wp-content\/uploads\/2026\/01\/Bild-atlas-copco-1024x580.png\" alt=\"\" class=\"wp-image-166\" srcset=\"https:\/\/www.sandellcontent.com\/wp-content\/uploads\/2026\/01\/Bild-atlas-copco-1024x580.png 1024w, https:\/\/www.sandellcontent.com\/wp-content\/uploads\/2026\/01\/Bild-atlas-copco-300x170.png 300w, https:\/\/www.sandellcontent.com\/wp-content\/uploads\/2026\/01\/Bild-atlas-copco-768x435.png 768w, https:\/\/www.sandellcontent.com\/wp-content\/uploads\/2026\/01\/Bild-atlas-copco-18x10.png 18w, https:\/\/www.sandellcontent.com\/wp-content\/uploads\/2026\/01\/Bild-atlas-copco.png 1039w\" sizes=\"auto, (max-width: 1024px) 100vw, 1024px\" \/><\/a><\/figure>\n<\/div>\n\n\n\n<div class=\"wp-block-group alignwide is-style-ext-preset--group--natural-1--section has-background-background-color has-background has-global-padding is-layout-constrained wp-container-core-group-is-layout-e955bbaf wp-block-group-is-layout-constrained\" id=\"rekommendationer\" style=\"margin-top:0;margin-bottom:0;padding-top:var(--wp--preset--spacing--70);padding-bottom:var(--wp--preset--spacing--70)\">\n<div class=\"wp-block-group alignwide is-vertical is-layout-flex wp-container-core-group-is-layout-c35747d5 wp-block-group-is-layout-flex\">\n<div class=\"wp-block-group has-global-padding is-layout-constrained wp-container-core-group-is-layout-2287c683 wp-block-group-is-layout-constrained\">\n<div class=\"wp-block-group has-global-padding is-layout-constrained wp-block-group-is-layout-constrained\">\n<div class=\"wp-block-group has-global-padding is-layout-constrained wp-block-group-is-layout-constrained\">\n<h4 class=\"wp-block-heading\">Citat<\/h4>\n\n\n\n<h2 class=\"wp-block-heading\">Vad andra s\u00e4ger<\/h2>\n<\/div>\n<\/div>\n<\/div>\n<\/div>\n\n\n\n<figure class=\"wp-block-image alignwide size-large\"><img loading=\"lazy\" decoding=\"async\" width=\"954\" height=\"1024\" src=\"https:\/\/www.sandellcontent.com\/wp-content\/uploads\/2026\/01\/LI-rek-2-954x1024.png\" alt=\"\" class=\"wp-image-133\" srcset=\"https:\/\/www.sandellcontent.com\/wp-content\/uploads\/2026\/01\/LI-rek-2-954x1024.png 954w, https:\/\/www.sandellcontent.com\/wp-content\/uploads\/2026\/01\/LI-rek-2-279x300.png 279w, https:\/\/www.sandellcontent.com\/wp-content\/uploads\/2026\/01\/LI-rek-2-768x825.png 768w, https:\/\/www.sandellcontent.com\/wp-content\/uploads\/2026\/01\/LI-rek-2-1431x1536.png 1431w, https:\/\/www.sandellcontent.com\/wp-content\/uploads\/2026\/01\/LI-rek-2-11x12.png 11w, https:\/\/www.sandellcontent.com\/wp-content\/uploads\/2026\/01\/LI-rek-2.png 1468w\" sizes=\"auto, (max-width: 954px) 100vw, 954px\" \/><\/figure>\n<\/div>\n\n\n\n<div class=\"wp-block-group alignfull is-style-ext-preset--group--natural-1--section has-tertiary-background-color has-background has-global-padding is-layout-constrained wp-block-group-is-layout-constrained\" id=\"kontakt\" style=\"margin-top:0;margin-bottom:0;padding-top:var(--wp--preset--spacing--70);padding-bottom:var(--wp--preset--spacing--70)\">\n<div class=\"wp-block-group alignwide has-global-padding is-content-justification-left is-layout-constrained wp-container-core-group-is-layout-12dd3699 wp-block-group-is-layout-constrained\"><h4 class=\"wp-block-post-title\">Hem<\/h4>\n\n\n<h2 class=\"wp-block-heading\">H\u00e4r n\u00e5r du mig<\/h2>\n\n\n\n<p><a href=\"mailto: erik@synrand.com\" target=\"_blank\" rel=\"noopener\" title=\"\">+46&nbsp;707 930818<\/a><br><a href=\"mailto: erik@synrand.com\" target=\"_blank\" rel=\"noopener\" title=\"\">erik@synrand.com<\/a><br><a href=\"https:\/\/www.linkedin.com\/in\/eriksandell\/\" target=\"_blank\" rel=\"noopener\" title=\"\">linkedin.com\/in\/eriksandell<\/a>&nbsp;<br><\/p>\n<\/div>\n<\/div>","protected":false},"excerpt":{"rendered":"<p>CV Passion f\u00f6r aff\u00e4rsdrivande content Jag har hj\u00e4lpt m\u00e5nga f\u00f6retag att skapa strategier och kvalitetsinneh\u00e5ll som bygger kundrelationer, st\u00e4rker varum\u00e4rken och driver kvalificerade leads. Med 25+ \u00e5rs erfarenhet av internationell B2B-marknadsf\u00f6ring kombinerar jag strategiskt t\u00e4nk, kreativt hantverk och AI-f\u00f6rst\u00e4rkt contentproduktion. Ladda ned min CV p\u00e5 svenska eller engelska. Portfolio Exempel p\u00e5 inneh\u00e5ll jag skrivit Min [&hellip;]<\/p>","protected":false},"author":1,"featured_media":0,"parent":0,"menu_order":0,"comment_status":"closed","ping_status":"closed","template":"no-title-sticky-header","meta":{"_monsterinsights_skip_tracking":false,"_monsterinsights_sitenote_active":false,"_monsterinsights_sitenote_note":"","_monsterinsights_sitenote_category":0,"footnotes":""},"class_list":["post-33","page","type-page","status-publish","hentry"],"aioseo_notices":[],"_links":{"self":[{"href":"https:\/\/www.sandellcontent.com\/en\/wp-json\/wp\/v2\/pages\/33","targetHints":{"allow":["GET"]}}],"collection":[{"href":"https:\/\/www.sandellcontent.com\/en\/wp-json\/wp\/v2\/pages"}],"about":[{"href":"https:\/\/www.sandellcontent.com\/en\/wp-json\/wp\/v2\/types\/page"}],"author":[{"embeddable":true,"href":"https:\/\/www.sandellcontent.com\/en\/wp-json\/wp\/v2\/users\/1"}],"replies":[{"embeddable":true,"href":"https:\/\/www.sandellcontent.com\/en\/wp-json\/wp\/v2\/comments?post=33"}],"version-history":[{"count":50,"href":"https:\/\/www.sandellcontent.com\/en\/wp-json\/wp\/v2\/pages\/33\/revisions"}],"predecessor-version":[{"id":192,"href":"https:\/\/www.sandellcontent.com\/en\/wp-json\/wp\/v2\/pages\/33\/revisions\/192"}],"wp:attachment":[{"href":"https:\/\/www.sandellcontent.com\/en\/wp-json\/wp\/v2\/media?parent=33"}],"curies":[{"name":"wp","href":"https:\/\/api.w.org\/{rel}","templated":true}]}}